{"id":8856,"date":"2023-03-22T16:09:31","date_gmt":"2023-03-22T15:09:31","guid":{"rendered":"http:\/\/romana.youelba.com\/dove-siamo\/"},"modified":"2023-06-12T10:59:21","modified_gmt":"2023-06-12T08:59:21","slug":"wo-wir-sind","status":"publish","type":"page","link":"https:\/\/www.albergoromana.com\/de\/wo-wir-sind\/","title":{"rendered":"Wo wir sind"},"content":{"rendered":"\t\t<div data-elementor-type=\"wp-page\" data-elementor-id=\"8856\" class=\"elementor elementor-8856 elementor-7849\">\n\t\t\t\t\t\t<section class=\"elementor-section elementor-top-section elementor-element elementor-element-df26b5c elementor-section-stretched elementor-section-content-middle elementor-section-boxed elementor-section-height-default elementor-section-height-default\" data-id=\"df26b5c\" data-element_type=\"section\" data-settings=\"{&quot;stretch_section&quot;:&quot;section-stretched&quot;,&quot;background_background&quot;:&quot;classic&quot;}\">\n\t\t\t\t\t\t\t<div class=\"elementor-background-overlay\"><\/div>\n\t\t\t\t\t\t\t<div class=\"elementor-container elementor-column-gap-default\">\n\t\t\t\t\t<div class=\"elementor-column elementor-col-100 elementor-top-column elementor-element elementor-element-20558a88\" data-id=\"20558a88\" data-element_type=\"column\">\n\t\t\t<div class=\"elementor-widget-wrap elementor-element-populated\">\n\t\t\t\t\t\t<div class=\"elementor-element elementor-element-45cdbdb8 elementor-widget elementor-widget-heading\" data-id=\"45cdbdb8\" data-element_type=\"widget\" data-widget_type=\"heading.default\">\n\t\t\t\t<div class=\"elementor-widget-container\">\n\t\t\t\t\t<h1 class=\"elementor-heading-title elementor-size-default\">Wo wir Sind<\/h1>\t\t\t\t<\/div>\n\t\t\t\t<\/div>\n\t\t\t\t\t<\/div>\n\t\t<\/div>\n\t\t\t\t\t<\/div>\n\t\t<\/section>\n\t\t\t\t<section class=\"elementor-section elementor-top-section elementor-element elementor-element-2bfe03a5 elementor-section-stretched elementor-section-boxed elementor-section-height-default elementor-section-height-default\" data-id=\"2bfe03a5\" data-element_type=\"section\" data-settings=\"{&quot;stretch_section&quot;:&quot;section-stretched&quot;,&quot;background_background&quot;:&quot;classic&quot;}\">\n\t\t\t\t\t\t<div class=\"elementor-container elementor-column-gap-default\">\n\t\t\t\t\t<div class=\"elementor-column elementor-col-100 elementor-top-column elementor-element elementor-element-623633c1\" data-id=\"623633c1\" data-element_type=\"column\">\n\t\t\t<div class=\"elementor-widget-wrap elementor-element-populated\">\n\t\t\t\t\t\t<div class=\"elementor-element elementor-element-725b3c58 elementor-widget elementor-widget-heading\" data-id=\"725b3c58\" data-element_type=\"widget\" data-widget_type=\"heading.default\">\n\t\t\t\t<div class=\"elementor-widget-container\">\n\t\t\t\t\t<h1 class=\"elementor-heading-title elementor-size-default\">Wie Sie uns erreichen<\/h1>\t\t\t\t<\/div>\n\t\t\t\t<\/div>\n\t\t\t\t<section class=\"elementor-section elementor-inner-section elementor-element elementor-element-31b3764 elementor-section-boxed elementor-section-height-default elementor-section-height-default\" data-id=\"31b3764\" data-element_type=\"section\">\n\t\t\t\t\t\t<div class=\"elementor-container elementor-column-gap-default\">\n\t\t\t\t\t<div class=\"elementor-column elementor-col-50 elementor-inner-column elementor-element elementor-element-3ff8c07f\" data-id=\"3ff8c07f\" data-element_type=\"column\">\n\t\t\t<div class=\"elementor-widget-wrap elementor-element-populated\">\n\t\t\t\t\t\t<div class=\"elementor-element elementor-element-24591c48 elementor-widget elementor-widget-heading\" data-id=\"24591c48\" data-element_type=\"widget\" data-widget_type=\"heading.default\">\n\t\t\t\t<div class=\"elementor-widget-container\">\n\t\t\t\t\t<p class=\"elementor-heading-title elementor-size-default\">ADRESSE<\/p>\t\t\t\t<\/div>\n\t\t\t\t<\/div>\n\t\t\t\t\t<\/div>\n\t\t<\/div>\n\t\t\t\t<div class=\"elementor-column elementor-col-50 elementor-inner-column elementor-element elementor-element-5758924c\" data-id=\"5758924c\" data-element_type=\"column\">\n\t\t\t<div class=\"elementor-widget-wrap elementor-element-populated\">\n\t\t\t\t\t\t<div class=\"elementor-element elementor-element-6554944f elementor-widget elementor-widget-heading\" data-id=\"6554944f\" data-element_type=\"widget\" data-widget_type=\"heading.default\">\n\t\t\t\t<div class=\"elementor-widget-container\">\n\t\t\t\t\t<p class=\"elementor-heading-title elementor-size-default\">Loc. Naregno 57031 Capoliveri - Isola d'Elba (LI)\u200b\u200b\n\n<\/p>\t\t\t\t<\/div>\n\t\t\t\t<\/div>\n\t\t\t\t\t<\/div>\n\t\t<\/div>\n\t\t\t\t\t<\/div>\n\t\t<\/section>\n\t\t\t\t<div class=\"elementor-element elementor-element-33929804 elementor-widget elementor-widget-heading\" data-id=\"33929804\" data-element_type=\"widget\" data-widget_type=\"heading.default\">\n\t\t\t\t<div class=\"elementor-widget-container\">\n\t\t\t\t\t<p class=\"elementor-heading-title elementor-size-default\">Wenn Sie mit der F\u00e4hre in Portoferraio ankommen, folgen Sie der Beschilderung nach Capoliveri \/ Porto Azzurro.  Wenn Sie die Ampel an der Kreuzung Porto Azzurro \/ Capoliveri erreichen, biegen Sie rechts ab in Richtung Capoliveri. Nach etwa 200 Metern biegen Sie beim Schild \u201eNaregno\u201c links ab.<\/p>\t\t\t\t<\/div>\n\t\t\t\t<\/div>\n\t\t\t\t<div class=\"elementor-element elementor-element-73640ee elementor-widget elementor-widget-heading\" data-id=\"73640ee\" data-element_type=\"widget\" data-widget_type=\"heading.default\">\n\t\t\t\t<div class=\"elementor-widget-container\">\n\t\t\t\t\t<p class=\"elementor-heading-title elementor-size-default\">Von Porto Azzurro aus fahren Sie in Richtung Capoliveri. An der ersten Ampel biegen Sie links ab, nach 200 m geht es noch einmal nach links.<\/p>\t\t\t\t<\/div>\n\t\t\t\t<\/div>\n\t\t\t\t\t<\/div>\n\t\t<\/div>\n\t\t\t\t\t<\/div>\n\t\t<\/section>\n\t\t\t\t<section class=\"elementor-section elementor-top-section elementor-element elementor-element-4d8eb46 elementor-section-stretched elementor-section-boxed elementor-section-height-default elementor-section-height-default\" data-id=\"4d8eb46\" data-element_type=\"section\" data-settings=\"{&quot;stretch_section&quot;:&quot;section-stretched&quot;,&quot;background_background&quot;:&quot;classic&quot;}\">\n\t\t\t\t\t\t<div class=\"elementor-container elementor-column-gap-default\">\n\t\t\t\t\t<div class=\"elementor-column elementor-col-100 elementor-top-column elementor-element elementor-element-9b94a42\" data-id=\"9b94a42\" data-element_type=\"column\">\n\t\t\t<div class=\"elementor-widget-wrap elementor-element-populated\">\n\t\t\t\t\t\t<div class=\"elementor-element elementor-element-d1c828b elementor-widget elementor-widget-google_maps\" data-id=\"d1c828b\" data-element_type=\"widget\" data-widget_type=\"google_maps.default\">\n\t\t\t\t<div class=\"elementor-widget-container\">\n\t\t\t\t\t\t\t<div class=\"elementor-custom-embed\">\n\t\t\t<iframe loading=\"lazy\"\n\t\t\t\t\tsrc=\"https:\/\/maps.google.com\/maps?q=Albergo%20Romana&#038;t=m&#038;z=15&#038;output=embed&#038;iwloc=near\"\n\t\t\t\t\ttitle=\"Albergo Romana\"\n\t\t\t\t\taria-label=\"Albergo Romana\"\n\t\t\t><\/iframe>\n\t\t<\/div>\n\t\t\t\t\t\t<\/div>\n\t\t\t\t<\/div>\n\t\t\t\t\t<\/div>\n\t\t<\/div>\n\t\t\t\t\t<\/div>\n\t\t<\/section>\n\t\t\t\t<section class=\"elementor-section elementor-top-section elementor-element elementor-element-7b01efb elementor-section-stretched elementor-section-boxed elementor-section-height-default elementor-section-height-default\" data-id=\"7b01efb\" data-element_type=\"section\" data-settings=\"{&quot;stretch_section&quot;:&quot;section-stretched&quot;,&quot;background_background&quot;:&quot;classic&quot;}\">\n\t\t\t\t\t\t<div class=\"elementor-container elementor-column-gap-default\">\n\t\t\t\t\t<div class=\"elementor-column elementor-col-100 elementor-top-column elementor-element elementor-element-3609a70\" data-id=\"3609a70\" data-element_type=\"column\">\n\t\t\t<div class=\"elementor-widget-wrap elementor-element-populated\">\n\t\t\t\t\t\t<div class=\"elementor-element elementor-element-a2cd49d elementor-widget elementor-widget-heading\" data-id=\"a2cd49d\" data-element_type=\"widget\" data-widget_type=\"heading.default\">\n\t\t\t\t<div class=\"elementor-widget-container\">\n\t\t\t\t\t<h1 class=\"elementor-heading-title elementor-size-default\">Transport<\/h1>\t\t\t\t<\/div>\n\t\t\t\t<\/div>\n\t\t\t\t<div class=\"elementor-element elementor-element-0d48133 elementor-widget elementor-widget-heading\" data-id=\"0d48133\" data-element_type=\"widget\" data-widget_type=\"heading.default\">\n\t\t\t\t<div class=\"elementor-widget-container\">\n\t\t\t\t\t<p class=\"elementor-heading-title elementor-size-default\">Vom Strand von Naregno aus k\u00f6nnen die nahe gelegenen D\u00f6rfer zu Fu\u00df erreicht werden.<br \/><br \/>\n\nDas nur 3km entfernte Capoliveri ist tags\u00fcber und abends mit einem Pendelbus erreichbar, welcher das Dorfzentrum mit den verschiedenen Str\u00e4nden verbindet.<br \/><br \/>\n\nNach Porto Azzurro (5km von Naregno entfernt) f\u00e4hrt ein privates Motorboot, welches vom Bootssteg direkt vor unserem Hotel ablegt. Dieser Dienstleistung ist nur am Abend aktiv. Mit diesem Motorboot werden tags\u00fcber Ausfl\u00fcge der K\u00fcste und den sch\u00f6nsten Str\u00e4nden entlang durchgef\u00fchrt.<\/p>\t\t\t\t<\/div>\n\t\t\t\t<\/div>\n\t\t\t\t\t<\/div>\n\t\t<\/div>\n\t\t\t\t\t<\/div>\n\t\t<\/section>\n\t\t\t\t<\/div>\n\t\t","protected":false},"excerpt":{"rendered":"<p>Wo wir Sind Wie Sie uns erreichen ADRESSE Loc. Naregno 57031 Capoliveri &#8211; Isola d&#8217;Elba (LI)\u200b\u200b Wenn Sie mit der F\u00e4hre in Portoferraio ankommen, folgen Sie der Beschilderung nach Capoliveri \/ Porto Azzurro. Wenn Sie die Ampel an der Kreuzung Porto Azzurro \/ Capoliveri erreichen, biegen Sie rechts ab in Richtung Capoliveri. Nach etwa 200 [&hellip;]<\/p>\n","protected":false},"author":2,"featured_media":0,"parent":0,"menu_order":0,"comment_status":"closed","ping_status":"closed","template":"","meta":{"footnotes":""},"class_list":["post-8856","page","type-page","status-publish","hentry"],"_links":{"self":[{"href":"https:\/\/www.albergoromana.com\/de\/wp-json\/wp\/v2\/pages\/8856","targetHints":{"allow":["GET"]}}],"collection":[{"href":"https:\/\/www.albergoromana.com\/de\/wp-json\/wp\/v2\/pages"}],"about":[{"href":"https:\/\/www.albergoromana.com\/de\/wp-json\/wp\/v2\/types\/page"}],"author":[{"embeddable":true,"href":"https:\/\/www.albergoromana.com\/de\/wp-json\/wp\/v2\/users\/2"}],"replies":[{"embeddable":true,"href":"https:\/\/www.albergoromana.com\/de\/wp-json\/wp\/v2\/comments?post=8856"}],"version-history":[{"count":5,"href":"https:\/\/www.albergoromana.com\/de\/wp-json\/wp\/v2\/pages\/8856\/revisions"}],"predecessor-version":[{"id":9067,"href":"https:\/\/www.albergoromana.com\/de\/wp-json\/wp\/v2\/pages\/8856\/revisions\/9067"}],"wp:attachment":[{"href":"https:\/\/www.albergoromana.com\/de\/wp-json\/wp\/v2\/media?parent=8856"}],"curies":[{"name":"wp","href":"https:\/\/api.w.org\/{rel}","templated":true}]}}